{"id":188,"date":"2025-06-12T11:36:27","date_gmt":"2025-06-12T11:36:27","guid":{"rendered":"https:\/\/server-82.de\/pselektro\/?page_id=188"},"modified":"2025-09-11T11:03:20","modified_gmt":"2025-09-11T11:03:20","slug":"stellenanzeige","status":"publish","type":"page","link":"https:\/\/ps-elektroanlagenbau.de\/index.php\/stellenanzeige\/","title":{"rendered":"Stellenanzeige"},"content":{"rendered":"<section  class='av_textblock_section av-meck6pv4-e3fec316051439ac8298e381e10bd0ef '   itemscope=\"itemscope\" itemtype=\"https:\/\/schema.org\/CreativeWork\" ><div class='avia_textblock'  itemprop=\"text\" ><h1 style=\"text-align: center;\">Stellenanzeige<\/h1>\n<\/div><\/section>\n<section  class='av_textblock_section av-mbtazxae-ed9a46641bad2c8a81ee124f7c18d1a9 '   itemscope=\"itemscope\" itemtype=\"https:\/\/schema.org\/CreativeWork\" ><div class='avia_textblock'  itemprop=\"text\" ><p>Wir sind ein aufstrebendes und erfolgreiches Team und brauchen dich zur Verst\u00e4rkung.<\/p>\n<p>Du bist Elektroniker Fachrichtung Energie- und Geb\u00e4udetechnik.<\/p>\n<p><strong>\u00a0<\/strong><\/p>\n<p>Warum solltest du bei uns arbeiten? Sehr viele Gr\u00fcnde sprechen daf\u00fcr:<\/p>\n<ul>\n<li>Begeisterung f\u00fcr dein Handwerk<\/li>\n<li>starkes, famili\u00e4res und kollegiales Team<\/li>\n<li>betriebliche Altersvorsorge<\/li>\n<li>geniales Verg\u00fctungspaket (gute Bezahlung, zus\u00e4tzliche Sozialleistungen)<\/li>\n<li>ausschlie\u00dflich regionale Projekte, damit du jeden Abend zu Hause bist<\/li>\n<li>Entwicklungsm\u00f6glichkeiten im Betrieb<\/li>\n<li>eigenst\u00e4ndiges Arbeiten mit geregelten Arbeitszeiten, p\u00fcnktlicher Feierabend ist f\u00fcr uns selbstverst\u00e4ndlich<\/li>\n<li>flache Strukturen<\/li>\n<li>gut erreichbare Gesch\u00e4ftsf\u00fchrer mit einem offenen Ohr<\/li>\n<li>attraktive Arbeitskleidung<\/li>\n<li>unbefristeter Arbeitsvertrag<\/li>\n<\/ul>\n<\/div><\/section>\n","protected":false},"excerpt":{"rendered":"","protected":false},"author":1,"featured_media":0,"parent":0,"menu_order":0,"comment_status":"closed","ping_status":"closed","template":"","meta":{"footnotes":""},"class_list":["post-188","page","type-page","status-publish","hentry"],"yoast_head":"<!-- This site is optimized with the Yoast SEO plugin v25.6 - https:\/\/yoast.com\/wordpress\/plugins\/seo\/ -->\n<title>Stellenanzeige - PS Elektro<\/title>\n<meta name=\"robots\" content=\"index, follow, max-snippet:-1, max-image-preview:large, max-video-preview:-1\" \/>\n<link rel=\"canonical\" href=\"https:\/\/ps-elektroanlagenbau.de\/index.php\/stellenanzeige\/\" \/>\n<meta property=\"og:locale\" content=\"de_DE\" \/>\n<meta property=\"og:type\" content=\"article\" \/>\n<meta property=\"og:title\" content=\"Stellenanzeige - PS Elektro\" \/>\n<meta property=\"og:url\" content=\"https:\/\/ps-elektroanlagenbau.de\/index.php\/stellenanzeige\/\" \/>\n<meta property=\"og:site_name\" content=\"PS Elektro\" \/>\n<meta property=\"article:modified_time\" content=\"2025-09-11T11:03:20+00:00\" \/>\n<meta name=\"twitter:card\" content=\"summary_large_image\" \/>\n<meta name=\"twitter:label1\" content=\"Gesch\u00e4tzte Lesezeit\" \/>\n\t<meta name=\"twitter:data1\" content=\"1\u00a0Minute\" \/>\n<script type=\"application\/ld+json\" class=\"yoast-schema-graph\">{\"@context\":\"https:\/\/schema.org\",\"@graph\":[{\"@type\":\"WebPage\",\"@id\":\"https:\/\/ps-elektroanlagenbau.de\/index.php\/stellenanzeige\/\",\"url\":\"https:\/\/ps-elektroanlagenbau.de\/index.php\/stellenanzeige\/\",\"name\":\"Stellenanzeige - PS Elektro\",\"isPartOf\":{\"@id\":\"https:\/\/ps-elektroanlagenbau.de\/#website\"},\"datePublished\":\"2025-06-12T11:36:27+00:00\",\"dateModified\":\"2025-09-11T11:03:20+00:00\",\"breadcrumb\":{\"@id\":\"https:\/\/ps-elektroanlagenbau.de\/index.php\/stellenanzeige\/#breadcrumb\"},\"inLanguage\":\"de\",\"potentialAction\":[{\"@type\":\"ReadAction\",\"target\":[\"https:\/\/ps-elektroanlagenbau.de\/index.php\/stellenanzeige\/\"]}]},{\"@type\":\"BreadcrumbList\",\"@id\":\"https:\/\/ps-elektroanlagenbau.de\/index.php\/stellenanzeige\/#breadcrumb\",\"itemListElement\":[{\"@type\":\"ListItem\",\"position\":1,\"name\":\"Home\",\"item\":\"https:\/\/ps-elektroanlagenbau.de\/index.php\/startseite\/\"},{\"@type\":\"ListItem\",\"position\":2,\"name\":\"Stellenanzeige\"}]},{\"@type\":\"WebSite\",\"@id\":\"https:\/\/ps-elektroanlagenbau.de\/#website\",\"url\":\"https:\/\/ps-elektroanlagenbau.de\/\",\"name\":\"PS Elektro\",\"description\":\"\",\"publisher\":{\"@id\":\"https:\/\/ps-elektroanlagenbau.de\/#organization\"},\"potentialAction\":[{\"@type\":\"SearchAction\",\"target\":{\"@type\":\"EntryPoint\",\"urlTemplate\":\"https:\/\/ps-elektroanlagenbau.de\/?s={search_term_string}\"},\"query-input\":{\"@type\":\"PropertyValueSpecification\",\"valueRequired\":true,\"valueName\":\"search_term_string\"}}],\"inLanguage\":\"de\"},{\"@type\":\"Organization\",\"@id\":\"https:\/\/ps-elektroanlagenbau.de\/#organization\",\"name\":\"PS Elektro\",\"url\":\"https:\/\/ps-elektroanlagenbau.de\/\",\"logo\":{\"@type\":\"ImageObject\",\"inLanguage\":\"de\",\"@id\":\"https:\/\/ps-elektroanlagenbau.de\/#\/schema\/logo\/image\/\",\"url\":\"https:\/\/ps-elektroanlagenbau.de\/wp-content\/uploads\/2025\/03\/logo_ps_elektro-1.png\",\"contentUrl\":\"https:\/\/ps-elektroanlagenbau.de\/wp-content\/uploads\/2025\/03\/logo_ps_elektro-1.png\",\"width\":945,\"height\":1065,\"caption\":\"PS Elektro\"},\"image\":{\"@id\":\"https:\/\/ps-elektroanlagenbau.de\/#\/schema\/logo\/image\/\"}}]}<\/script>\n<!-- \/ Yoast SEO plugin. -->","yoast_head_json":{"title":"Stellenanzeige - PS Elektro","robots":{"index":"index","follow":"follow","max-snippet":"max-snippet:-1","max-image-preview":"max-image-preview:large","max-video-preview":"max-video-preview:-1"},"canonical":"https:\/\/ps-elektroanlagenbau.de\/index.php\/stellenanzeige\/","og_locale":"de_DE","og_type":"article","og_title":"Stellenanzeige - PS Elektro","og_url":"https:\/\/ps-elektroanlagenbau.de\/index.php\/stellenanzeige\/","og_site_name":"PS Elektro","article_modified_time":"2025-09-11T11:03:20+00:00","twitter_card":"summary_large_image","twitter_misc":{"Gesch\u00e4tzte Lesezeit":"1\u00a0Minute"},"schema":{"@context":"https:\/\/schema.org","@graph":[{"@type":"WebPage","@id":"https:\/\/ps-elektroanlagenbau.de\/index.php\/stellenanzeige\/","url":"https:\/\/ps-elektroanlagenbau.de\/index.php\/stellenanzeige\/","name":"Stellenanzeige - PS Elektro","isPartOf":{"@id":"https:\/\/ps-elektroanlagenbau.de\/#website"},"datePublished":"2025-06-12T11:36:27+00:00","dateModified":"2025-09-11T11:03:20+00:00","breadcrumb":{"@id":"https:\/\/ps-elektroanlagenbau.de\/index.php\/stellenanzeige\/#breadcrumb"},"inLanguage":"de","potentialAction":[{"@type":"ReadAction","target":["https:\/\/ps-elektroanlagenbau.de\/index.php\/stellenanzeige\/"]}]},{"@type":"BreadcrumbList","@id":"https:\/\/ps-elektroanlagenbau.de\/index.php\/stellenanzeige\/#breadcrumb","itemListElement":[{"@type":"ListItem","position":1,"name":"Home","item":"https:\/\/ps-elektroanlagenbau.de\/index.php\/startseite\/"},{"@type":"ListItem","position":2,"name":"Stellenanzeige"}]},{"@type":"WebSite","@id":"https:\/\/ps-elektroanlagenbau.de\/#website","url":"https:\/\/ps-elektroanlagenbau.de\/","name":"PS Elektro","description":"","publisher":{"@id":"https:\/\/ps-elektroanlagenbau.de\/#organization"},"potentialAction":[{"@type":"SearchAction","target":{"@type":"EntryPoint","urlTemplate":"https:\/\/ps-elektroanlagenbau.de\/?s={search_term_string}"},"query-input":{"@type":"PropertyValueSpecification","valueRequired":true,"valueName":"search_term_string"}}],"inLanguage":"de"},{"@type":"Organization","@id":"https:\/\/ps-elektroanlagenbau.de\/#organization","name":"PS Elektro","url":"https:\/\/ps-elektroanlagenbau.de\/","logo":{"@type":"ImageObject","inLanguage":"de","@id":"https:\/\/ps-elektroanlagenbau.de\/#\/schema\/logo\/image\/","url":"https:\/\/ps-elektroanlagenbau.de\/wp-content\/uploads\/2025\/03\/logo_ps_elektro-1.png","contentUrl":"https:\/\/ps-elektroanlagenbau.de\/wp-content\/uploads\/2025\/03\/logo_ps_elektro-1.png","width":945,"height":1065,"caption":"PS Elektro"},"image":{"@id":"https:\/\/ps-elektroanlagenbau.de\/#\/schema\/logo\/image\/"}}]}},"_links":{"self":[{"href":"https:\/\/ps-elektroanlagenbau.de\/index.php\/wp-json\/wp\/v2\/pages\/188","targetHints":{"allow":["GET"]}}],"collection":[{"href":"https:\/\/ps-elektroanlagenbau.de\/index.php\/wp-json\/wp\/v2\/pages"}],"about":[{"href":"https:\/\/ps-elektroanlagenbau.de\/index.php\/wp-json\/wp\/v2\/types\/page"}],"author":[{"embeddable":true,"href":"https:\/\/ps-elektroanlagenbau.de\/index.php\/wp-json\/wp\/v2\/users\/1"}],"replies":[{"embeddable":true,"href":"https:\/\/ps-elektroanlagenbau.de\/index.php\/wp-json\/wp\/v2\/comments?post=188"}],"version-history":[{"count":3,"href":"https:\/\/ps-elektroanlagenbau.de\/index.php\/wp-json\/wp\/v2\/pages\/188\/revisions"}],"predecessor-version":[{"id":346,"href":"https:\/\/ps-elektroanlagenbau.de\/index.php\/wp-json\/wp\/v2\/pages\/188\/revisions\/346"}],"wp:attachment":[{"href":"https:\/\/ps-elektroanlagenbau.de\/index.php\/wp-json\/wp\/v2\/media?parent=188"}],"curies":[{"name":"wp","href":"https:\/\/api.w.org\/{rel}","templated":true}]}}