{"id":335,"date":"2025-07-30T07:49:04","date_gmt":"2025-07-30T07:49:04","guid":{"rendered":"https:\/\/server-82.de\/pselektro\/?page_id=335"},"modified":"2025-07-30T07:53:15","modified_gmt":"2025-07-30T07:53:15","slug":"impressum","status":"publish","type":"page","link":"https:\/\/ps-elektroanlagenbau.de\/index.php\/impressum\/","title":{"rendered":"Impressum"},"content":{"rendered":"<section  class='av_textblock_section av-mdpnzy12-25488f226670d2c6b1453703f4e6ffa8 '   itemscope=\"itemscope\" itemtype=\"https:\/\/schema.org\/CreativeWork\" ><div class='avia_textblock'  itemprop=\"text\" ><h1>Impressum<\/h1>\n<p>PS Elektro-Telekommunikations-Anlagenbau GmbH<br \/>\nvertreten durch die Gesch\u00e4ftsf\u00fchrer Daniel Pohl und Andreas Schreinert<br \/>\nSchwarzenberger Strasse 8<br \/>\n08340 Schwarzenberg (Ortsteil Gr\u00fcnst\u00e4dtel)<br \/>\nDeutschland<\/p>\n<p>Telefon: 03774 86565<br \/>\nTelefax: 03774 86599<br \/>\nE-Mail: <a href=\"mailto:info@ps-elektroanlagenbau.de\">info@ps-elektroanlagenbau.de<\/a><\/p>\n<p>USt-ID-Nr.: DE 141032181<br \/>\neingetragen im Handelsregister des Amtsgerichtes Chemnitz<br \/>\nHandelsregisternummer HRB 6691<\/p>\n<p>Haftungsausschluss:<br \/>\nMit Urteil vom 12. Mai 1998 hat das Landgericht Hamburg entschieden, dass man durch die Anbringung eines Links die Inhalte der gelinkten Seite ggf. mit zu verantworten hat. Dies kann &#8211; so das Landgericht &#8211; nur dadurch verhindert werden, dass man sich ausdr\u00fccklich von diesen Inhalten distanziert. Wir haben auf unserer Seite Links zu anderen Seiten im Internet gelegt. F\u00fcr all diese Links gilt: Wir m\u00f6chten ausdr\u00fccklich betonen, dass wir keinerlei Einfluss auf die Gestaltung und die Inhalte der gelinkten Seiten haben. Deshalb distanzieren wir uns hiermit ausdr\u00fccklich von allen Inhalten aller gelinkten Seiten auf www.ps-elektroanlagenbau.de Und wir machen uns deren Inhalte nicht zu Eigen. Diese Erkl\u00e4rung gilt f\u00fcr alle auf unserer Seite vorhanden Links und f\u00fcr alle Inhalte der Seiten, zu denen die Links f\u00fchren.<\/p>\n<\/div><\/section>\n","protected":false},"excerpt":{"rendered":"","protected":false},"author":1,"featured_media":0,"parent":0,"menu_order":0,"comment_status":"closed","ping_status":"closed","template":"","meta":{"footnotes":""},"class_list":["post-335","page","type-page","status-publish","hentry"],"yoast_head":"<!-- This site is optimized with the Yoast SEO plugin v25.6 - https:\/\/yoast.com\/wordpress\/plugins\/seo\/ -->\n<title>Impressum - PS Elektro<\/title>\n<meta name=\"robots\" content=\"index, follow, max-snippet:-1, max-image-preview:large, max-video-preview:-1\" \/>\n<link rel=\"canonical\" href=\"https:\/\/ps-elektroanlagenbau.de\/index.php\/impressum\/\" \/>\n<meta property=\"og:locale\" content=\"de_DE\" \/>\n<meta property=\"og:type\" content=\"article\" \/>\n<meta property=\"og:title\" content=\"Impressum - PS Elektro\" \/>\n<meta property=\"og:url\" content=\"https:\/\/ps-elektroanlagenbau.de\/index.php\/impressum\/\" \/>\n<meta property=\"og:site_name\" content=\"PS Elektro\" \/>\n<meta property=\"article:modified_time\" content=\"2025-07-30T07:53:15+00:00\" \/>\n<meta name=\"twitter:card\" content=\"summary_large_image\" \/>\n<meta name=\"twitter:label1\" content=\"Gesch\u00e4tzte Lesezeit\" \/>\n\t<meta name=\"twitter:data1\" content=\"1\u00a0Minute\" \/>\n<script type=\"application\/ld+json\" class=\"yoast-schema-graph\">{\"@context\":\"https:\/\/schema.org\",\"@graph\":[{\"@type\":\"WebPage\",\"@id\":\"https:\/\/ps-elektroanlagenbau.de\/index.php\/impressum\/\",\"url\":\"https:\/\/ps-elektroanlagenbau.de\/index.php\/impressum\/\",\"name\":\"Impressum - PS Elektro\",\"isPartOf\":{\"@id\":\"https:\/\/ps-elektroanlagenbau.de\/#website\"},\"datePublished\":\"2025-07-30T07:49:04+00:00\",\"dateModified\":\"2025-07-30T07:53:15+00:00\",\"breadcrumb\":{\"@id\":\"https:\/\/ps-elektroanlagenbau.de\/index.php\/impressum\/#breadcrumb\"},\"inLanguage\":\"de\",\"potentialAction\":[{\"@type\":\"ReadAction\",\"target\":[\"https:\/\/ps-elektroanlagenbau.de\/index.php\/impressum\/\"]}]},{\"@type\":\"BreadcrumbList\",\"@id\":\"https:\/\/ps-elektroanlagenbau.de\/index.php\/impressum\/#breadcrumb\",\"itemListElement\":[{\"@type\":\"ListItem\",\"position\":1,\"name\":\"Home\",\"item\":\"https:\/\/ps-elektroanlagenbau.de\/index.php\/startseite\/\"},{\"@type\":\"ListItem\",\"position\":2,\"name\":\"Impressum\"}]},{\"@type\":\"WebSite\",\"@id\":\"https:\/\/ps-elektroanlagenbau.de\/#website\",\"url\":\"https:\/\/ps-elektroanlagenbau.de\/\",\"name\":\"PS Elektro\",\"description\":\"\",\"publisher\":{\"@id\":\"https:\/\/ps-elektroanlagenbau.de\/#organization\"},\"potentialAction\":[{\"@type\":\"SearchAction\",\"target\":{\"@type\":\"EntryPoint\",\"urlTemplate\":\"https:\/\/ps-elektroanlagenbau.de\/?s={search_term_string}\"},\"query-input\":{\"@type\":\"PropertyValueSpecification\",\"valueRequired\":true,\"valueName\":\"search_term_string\"}}],\"inLanguage\":\"de\"},{\"@type\":\"Organization\",\"@id\":\"https:\/\/ps-elektroanlagenbau.de\/#organization\",\"name\":\"PS Elektro\",\"url\":\"https:\/\/ps-elektroanlagenbau.de\/\",\"logo\":{\"@type\":\"ImageObject\",\"inLanguage\":\"de\",\"@id\":\"https:\/\/ps-elektroanlagenbau.de\/#\/schema\/logo\/image\/\",\"url\":\"https:\/\/ps-elektroanlagenbau.de\/wp-content\/uploads\/2025\/03\/logo_ps_elektro-1.png\",\"contentUrl\":\"https:\/\/ps-elektroanlagenbau.de\/wp-content\/uploads\/2025\/03\/logo_ps_elektro-1.png\",\"width\":945,\"height\":1065,\"caption\":\"PS Elektro\"},\"image\":{\"@id\":\"https:\/\/ps-elektroanlagenbau.de\/#\/schema\/logo\/image\/\"}}]}<\/script>\n<!-- \/ Yoast SEO plugin. -->","yoast_head_json":{"title":"Impressum - PS Elektro","robots":{"index":"index","follow":"follow","max-snippet":"max-snippet:-1","max-image-preview":"max-image-preview:large","max-video-preview":"max-video-preview:-1"},"canonical":"https:\/\/ps-elektroanlagenbau.de\/index.php\/impressum\/","og_locale":"de_DE","og_type":"article","og_title":"Impressum - PS Elektro","og_url":"https:\/\/ps-elektroanlagenbau.de\/index.php\/impressum\/","og_site_name":"PS Elektro","article_modified_time":"2025-07-30T07:53:15+00:00","twitter_card":"summary_large_image","twitter_misc":{"Gesch\u00e4tzte Lesezeit":"1\u00a0Minute"},"schema":{"@context":"https:\/\/schema.org","@graph":[{"@type":"WebPage","@id":"https:\/\/ps-elektroanlagenbau.de\/index.php\/impressum\/","url":"https:\/\/ps-elektroanlagenbau.de\/index.php\/impressum\/","name":"Impressum - PS Elektro","isPartOf":{"@id":"https:\/\/ps-elektroanlagenbau.de\/#website"},"datePublished":"2025-07-30T07:49:04+00:00","dateModified":"2025-07-30T07:53:15+00:00","breadcrumb":{"@id":"https:\/\/ps-elektroanlagenbau.de\/index.php\/impressum\/#breadcrumb"},"inLanguage":"de","potentialAction":[{"@type":"ReadAction","target":["https:\/\/ps-elektroanlagenbau.de\/index.php\/impressum\/"]}]},{"@type":"BreadcrumbList","@id":"https:\/\/ps-elektroanlagenbau.de\/index.php\/impressum\/#breadcrumb","itemListElement":[{"@type":"ListItem","position":1,"name":"Home","item":"https:\/\/ps-elektroanlagenbau.de\/index.php\/startseite\/"},{"@type":"ListItem","position":2,"name":"Impressum"}]},{"@type":"WebSite","@id":"https:\/\/ps-elektroanlagenbau.de\/#website","url":"https:\/\/ps-elektroanlagenbau.de\/","name":"PS Elektro","description":"","publisher":{"@id":"https:\/\/ps-elektroanlagenbau.de\/#organization"},"potentialAction":[{"@type":"SearchAction","target":{"@type":"EntryPoint","urlTemplate":"https:\/\/ps-elektroanlagenbau.de\/?s={search_term_string}"},"query-input":{"@type":"PropertyValueSpecification","valueRequired":true,"valueName":"search_term_string"}}],"inLanguage":"de"},{"@type":"Organization","@id":"https:\/\/ps-elektroanlagenbau.de\/#organization","name":"PS Elektro","url":"https:\/\/ps-elektroanlagenbau.de\/","logo":{"@type":"ImageObject","inLanguage":"de","@id":"https:\/\/ps-elektroanlagenbau.de\/#\/schema\/logo\/image\/","url":"https:\/\/ps-elektroanlagenbau.de\/wp-content\/uploads\/2025\/03\/logo_ps_elektro-1.png","contentUrl":"https:\/\/ps-elektroanlagenbau.de\/wp-content\/uploads\/2025\/03\/logo_ps_elektro-1.png","width":945,"height":1065,"caption":"PS Elektro"},"image":{"@id":"https:\/\/ps-elektroanlagenbau.de\/#\/schema\/logo\/image\/"}}]}},"_links":{"self":[{"href":"https:\/\/ps-elektroanlagenbau.de\/index.php\/wp-json\/wp\/v2\/pages\/335","targetHints":{"allow":["GET"]}}],"collection":[{"href":"https:\/\/ps-elektroanlagenbau.de\/index.php\/wp-json\/wp\/v2\/pages"}],"about":[{"href":"https:\/\/ps-elektroanlagenbau.de\/index.php\/wp-json\/wp\/v2\/types\/page"}],"author":[{"embeddable":true,"href":"https:\/\/ps-elektroanlagenbau.de\/index.php\/wp-json\/wp\/v2\/users\/1"}],"replies":[{"embeddable":true,"href":"https:\/\/ps-elektroanlagenbau.de\/index.php\/wp-json\/wp\/v2\/comments?post=335"}],"version-history":[{"count":1,"href":"https:\/\/ps-elektroanlagenbau.de\/index.php\/wp-json\/wp\/v2\/pages\/335\/revisions"}],"predecessor-version":[{"id":336,"href":"https:\/\/ps-elektroanlagenbau.de\/index.php\/wp-json\/wp\/v2\/pages\/335\/revisions\/336"}],"wp:attachment":[{"href":"https:\/\/ps-elektroanlagenbau.de\/index.php\/wp-json\/wp\/v2\/media?parent=335"}],"curies":[{"name":"wp","href":"https:\/\/api.w.org\/{rel}","templated":true}]}}